{"id":10489,"date":"2019-08-30T07:25:00","date_gmt":"2019-08-30T07:25:00","guid":{"rendered":"https:\/\/www.civitart.cat\/?page_id=10489"},"modified":"2020-03-31T08:23:59","modified_gmt":"2020-03-31T08:23:59","slug":"documents","status":"publish","type":"page","link":"https:\/\/www.civitart.cat\/en\/documents\/","title":{"rendered":"Documents"},"content":{"rendered":"<p>[vc_row gap=&#8221;60&#8243;][vc_column width=&#8221;1\/2&#8243;][vc_custom_heading text=&#8221;CLOSING OF THE EXPOS AT CCT (2019)&#8221; use_theme_fonts=&#8221;yes&#8221; font_container=&#8221;tag:h2|text_align:left&#8221; font_title_responsive=&#8221;true&#8221; css=&#8221;.vc_custom_1585411164144{margin-bottom: 30px !important;}&#8221;][vc_raw_html]JTNDaWZyYW1lJTIwd2lkdGglM0QlMjI1NjAlMjIlMjBoZWlnaHQlM0QlMjIzMTUlMjIlMjBzcmMlM0QlMjJodHRwcyUzQSUyRiUyRnd3dy55b3V0dWJlLmNvbSUyRmVtYmVkJTJGRi00Unp4QTQtOHMlM0ZyZWwlM0QwJTIyJTIwZnJhbWVib3JkZXIlM0QlMjIwJTIyJTIwYWxsb3clM0QlMjJhY2NlbGVyb21ldGVyJTNCJTIwYXV0b3BsYXklM0IlMjBlbmNyeXB0ZWQtbWVkaWElM0IlMjBneXJvc2NvcGUlM0IlMjBwaWN0dXJlLWluLXBpY3R1cmUlMjIlMjBhbGxvd2Z1bGxzY3JlZW4lM0UlM0MlMkZpZnJhbWUlM0U=[\/vc_raw_html][vc_empty_space height=&#8221;50px&#8221;][vc_column_text el_class=&#8221;textAltaio&#8221;]<\/p>\n<div>19\/09\/2019 Cartografies 1, Cartografies 2, The Last Supper Damien Hirst<\/div>\n<div><\/div>\n<div>Vicen\u00e7 Altai\u00f3: poeta, assagista, traficant d&#8217;idees i agitador cultural. Autor de la mirada i els textos de les 3 exposicions. Lector del poema recitat en l&#8217;acte i dedicat generosament a Josep Maria Civit.<\/div>\n<div>Sira Hern\u00e1ndez: pianista i compositora. John Cage 4:33, Frederic Mompou, Sira Hern\u00e1ndez, JS Bach.<\/div>\n<div>CREA Dance Company by Maria Rovira: dansa. Lacrimosa del Requiem WA Mozart.<\/div>\n<div>Xavier Queralt: President de la Fundaci\u00f3 Antiga Caixa de Terrassa.<\/div>\n<div>Adri\u00e0 Forn\u00e9s: Director del CCT.<\/div>\n<div>Josep Rovira: Director de la Fundaci\u00f3.<\/div>\n<div>Patronat de la Fundaci\u00f3.<\/div>\n<div>Equip t\u00e8cnic: Gesti\u00f3 i comunicaci\u00f3 del CCT.<\/div>\n<div>Gesti\u00f3 cultural: muntatges.<\/div>\n<div>Jaume Civit: arxiu, direcci\u00f3 t\u00e8cnica, assistent i coordinaci\u00f3.<\/div>\n<div>Esther Claur: relacions p\u00fabliques.<\/div>\n<div>Taula de Disseny: disseny i comunicaci\u00f3.<\/div>\n<div>Galeria Joan Prats: cortesia d&#8217;obres d&#8217;Antoni Muntades\u00a0i Fernando Prats.<\/div>\n<div>Albert Burrull: web.<\/div>\n<div>Zhiliang Zhan: video.<\/div>\n<div>Aspic Barcelona: catering<\/div>\n<div>Ravent\u00f3s i Blanc.<\/div>\n<div>A tots i totes les assistentes, que sou els destinataris i doneu sentit al Arxiu d\u2019Art Contemporani Civit, Gr\u00e0cies. Josep Maria Civit.<\/div>\n<p>[\/vc_column_text][\/vc_column][vc_column width=&#8221;1\/2&#8243;][vc_custom_heading text=&#8221;THE ART OF COLLECTING (2011)&#8221; use_theme_fonts=&#8221;yes&#8221; font_container=&#8221;tag:h2|text_align:left&#8221; font_title_responsive=&#8221;true&#8221; css=&#8221;.vc_custom_1569874404440{margin-bottom: 30px !important;}&#8221;][rdy_icon_list_item title_color=&#8221;#222222&#8243; icon_fontawesome=&#8221;fa fa-file-text-o&#8221; link=&#8221;url:https%3A%2F%2Fwww.civitart.cat%2Fwp-content%2Fuploads%2F2019%2F09%2Fart-de-colleccionar.pdf||target:%20_blank|&#8221; icon_color=&#8221;#555555&#8243; title=&#8221;El m\u00f3n de les col\u00b7leccions privades. Josep Maria Civit (PDF) `{`CAT`}`&#8221; title_size=&#8221;14&#8243; el_class=&#8221;link-hover&#8221;][vc_empty_space height=&#8221;50px&#8221;][vc_custom_heading text=&#8221;CAN FRAMIS EXHIBITION (2011)&#8221; use_theme_fonts=&#8221;yes&#8221; font_container=&#8221;tag:h2|text_align:left&#8221; font_title_responsive=&#8221;true&#8221; css=&#8221;.vc_custom_1569875132370{margin-bottom: 30px !important;}&#8221;][rdy_icon_list_item title_color=&#8221;#222222&#8243; icon_fontawesome=&#8221;fa fa-file-text-o&#8221; link=&#8221;url:https%3A%2F%2Fwww.civitart.cat%2Fwp-content%2Fuploads%2F2019%2F09%2Fabc-_-art-de-colleccionar-_-civit-i-damien-hirst-_-18-01-2011.pdf||target:%20_blank|&#8221; icon_color=&#8221;#555555&#8243; title=&#8221;Damien Hirst en Can Framis. ABC (PDF) `{`ES`}`&#8221; title_size=&#8221;14&#8243;][rdy_icon_list_item title_color=&#8221;#222222&#8243; icon_fontawesome=&#8221;fa fa-file-text-o&#8221; link=&#8221;url:https%3A%2F%2Fwww.civitart.cat%2Fwp-content%2Fuploads%2F2019%2F09%2Fara-_-civit-amb-damien-hirst-a-can-framis-_-18-01-2011.pdf||target:%20_blank|&#8221; icon_color=&#8221;#555555&#8243; title=&#8221;La Fundaci\u00f3 Vila Casas exposa &#8216;L&#8217;\u00faltim sopar&#8217; de Damien Hirst. Ara (PDF) `{`CAT`}`&#8221; title_size=&#8221;14&#8243;][rdy_icon_list_item title_color=&#8221;#222222&#8243; icon_fontawesome=&#8221;fa fa-file-text-o&#8221; link=&#8221;url:https%3A%2F%2Fwww.civitart.cat%2Fwp-content%2Fuploads%2F2019%2F09%2Favui-_-cultura-suplement-_-lart-de-col%C2%B7leccionar-_-civit-i-damien-hirst-_-10-02-2011.pdf||target:%20_blank|&#8221; icon_color=&#8221;#555555&#8243; title=&#8221;L&#8217;\u00faltim sopar del taur\u00f3 de l&#8217;art. Avui (PDF) `{`CAT`}`&#8221; title_size=&#8221;14&#8243;][rdy_icon_list_item title_color=&#8221;#222222&#8243; icon_fontawesome=&#8221;fa fa-file-text-o&#8221; link=&#8221;url:https%3A%2F%2Fwww.civitart.cat%2Fwp-content%2Fuploads%2F2019%2F09%2Favui-_-lart-de-col%C2%B7leccionar-_-civit-i-damien-hirst-_-23-01-2011.pdf||target:%20_blank|&#8221; icon_color=&#8221;#555555&#8243; title=&#8221;&#8220;La meva col\u00b7lecci\u00f3 d&#8217;art \u00e9s un acte antiburg\u00e8s&#8220;. Avui (PDF) `{`CAT`}`&#8221; title_size=&#8221;14&#8243;][rdy_icon_list_item title_color=&#8221;#222222&#8243; icon_fontawesome=&#8221;fa fa-file-text-o&#8221; link=&#8221;url:https%3A%2F%2Fwww.civitart.cat%2Fwp-content%2Fuploads%2F2019%2F09%2Fbarcelona-cultura-_-ajuntament-de-barcelona-_-civit-amb-damien-hirst-a-can-framis-_-02-02-2011.pdf||target:%20_blank|&#8221; icon_color=&#8221;#555555&#8243; title=&#8221;Can Framis exposa &#8216;L&#8217;\u00daltim Sopar&#8217; de Damien Hirst. Barcelona Cultura (PDF) `{`CAT`}`&#8221; title_size=&#8221;14&#8243;][rdy_icon_list_item title_color=&#8221;#222222&#8243; icon_fontawesome=&#8221;fa fa-file-text-o&#8221; link=&#8221;url:https%3A%2F%2Fwww.civitart.cat%2Fwp-content%2Fuploads%2F2019%2F09%2Fel-temps-_-lart-de-col%C2%B7leccionar-_-civit-i-damien-hirst-_-05-04-2011.pdf||target:%20_blank|&#8221; icon_color=&#8221;#555555&#8243; title=&#8221;F\u00e0rmacs en edici\u00f3 limitada. El Temps (PDF) `{`CAT`}`&#8221; title_size=&#8221;14&#8243;][rdy_icon_list_item title_color=&#8221;#222222&#8243; icon_fontawesome=&#8221;fa fa-file-text-o&#8221; link=&#8221;url:https%3A%2F%2Fwww.civitart.cat%2Fwp-content%2Fuploads%2F2019%2F09%2Fla-vanguardia-_-lart-de-col%C2%B7leccionar-_-civit-i-damien-hirst-_-18-01-2011.pdf||target:%20_blank|&#8221; icon_color=&#8221;#555555&#8243; title=&#8221;Las pastillas de Hirst. La Vanguardia (PDF) `{`ES`}`&#8221; title_size=&#8221;14&#8243;][rdy_icon_list_item title_color=&#8221;#222222&#8243; icon_fontawesome=&#8221;fa fa-file-text-o&#8221; link=&#8221;url:https%3A%2F%2Fwww.civitart.cat%2Fwp-content%2Fuploads%2F2019%2F09%2Fbonart-_-lart-de-col%C2%B7leccionar-_-civit-i-damien-hirst-_-marc%CC%A7-2011.pdf||target:%20_blank|&#8221; icon_color=&#8221;#555555&#8243; title=&#8221;L&#8217;art, sentir i\/o pensar? Bonart (PDF) `{`CAT`}`&#8221; title_size=&#8221;14&#8243;][rdy_icon_list_item title_color=&#8221;#222222&#8243; icon_fontawesome=&#8221;fa fa-file-text-o&#8221; link=&#8221;url:https%3A%2F%2Fwww.civitart.cat%2Fwp-content%2Fuploads%2F2019%2F09%2Fel-pai%CC%81s-_-extra-_-lart-de-col%C2%B7leccionar-_-civit-i-damien-hirst-_-09-04-2011.pdf||target:%20_blank|&#8221; icon_color=&#8221;#555555&#8243; title=&#8221;Gran arte en peque\u00f1as dosis. El Pais (PDF) `{`ES`}`&#8221; title_size=&#8221;14&#8243;][rdy_icon_list_item title_color=&#8221;#222222&#8243; icon_fontawesome=&#8221;fa fa-file-text-o&#8221; link=&#8221;url:https%3A%2F%2Fwww.civitart.cat%2Fwp-content%2Fuploads%2F2019%2F09%2Fel-pai%CC%81s-_-lart-de-col%C2%B7leccionar-_-27-01-2011.pdf||target:%20_blank|&#8221; icon_color=&#8221;#555555&#8243; title=&#8221;Del costat de l&#8217;art. El Pais (PDF) `{`CAT`}`&#8221; title_size=&#8221;14&#8243;][vc_empty_space height=&#8221;50px&#8221;][vc_custom_heading text=&#8221;CDAN EXHIBITION (2008)&#8221; use_theme_fonts=&#8221;yes&#8221; font_container=&#8221;tag:h2|text_align:left&#8221; font_title_responsive=&#8221;true&#8221; css=&#8221;.vc_custom_1569875127174{margin-bottom: 30px !important;}&#8221;][rdy_icon_list_item title_color=&#8221;#222222&#8243; icon_fontawesome=&#8221;fa fa-file-text-o&#8221; link=&#8221;url:https%3A%2F%2Fwww.civitart.cat%2Fwp-content%2Fuploads%2F2019%2F09%2FTextos_Menene-Gras.pdf||target:%20_blank|&#8221; icon_color=&#8221;#555555&#8243; title=&#8221;La vida privada. Colecci\u00f3n Josep Maria Civit. Menene Gras (PDF) `{`ES`}`&#8221; title_size=&#8221;14&#8243;][rdy_icon_list_item title_color=&#8221;#222222&#8243; icon_fontawesome=&#8221;fa fa-file-text-o&#8221; link=&#8221;url:https%3A%2F%2Fwww.civitart.cat%2Fwp-content%2Fuploads%2F2019%2F09%2FTextos_Anna-Maria-Guasch.pdf||target:%20_blank|&#8221; icon_color=&#8221;#555555&#8243; title=&#8221;De la colecci\u00f3n a la acci\u00f3n de coleccionar. Anna Maria Guasch (PDF) `{`ES`}`&#8221; title_size=&#8221;14&#8243;][\/vc_column][\/vc_row]<\/p>","protected":false},"excerpt":{"rendered":"<p>[vc_row gap=&#8221;60&#8243;][vc_column width=&#8221;1\/2&#8243;][vc_custom_heading text=&#8221;CLOSING OF THE EXPOS AT CCT (2019)&#8221; use_theme_fonts=&#8221;yes&#8221; font_container=&#8221;tag:h2|text_align:left&#8221; font_title_responsive=&#8221;true&#8221; css=&#8221;.vc_custom_1585411164144{margin-bottom: 30px !important;}&#8221;][vc_raw_html]JTNDaWZyYW1lJTIwd2lkdGglM0QlMjI1NjAlMjIlMjBoZWlnaHQlM0QlMjIzMTUlMjIlMjBzcmMlM0QlMjJodHRwcyUzQSUyRiUyRnd3dy55b3V0dWJlLmNvbSUyRmVtYmVkJTJGRi00Unp4QTQtOHMlM0ZyZWwlM0QwJTIyJTIwZnJhbWVib3JkZXIlM0QlMjIwJTIyJTIwYWxsb3clM0QlMjJhY2NlbGVyb21ldGVyJTNCJTIwYXV0b3BsYXklM0IlMjBlbmNyeXB0ZWQtbWVkaWElM0IlMjBneXJvc2NvcGUlM0IlMjBwaWN0dXJlLWluLXBpY3R1cmUlMjIlMjBhbGxvd2Z1bGxzY3JlZW4lM0UlM0MlMkZpZnJhbWUlM0U=[\/vc_raw_html][vc_empty_space height=&#8221;50px&#8221;][vc_column_text el_class=&#8221;textAltaio&#8221;] 19\/09\/2019 Cartografies 1, Cartografies 2, The Last Supper Damien Hirst Vicen\u00e7 Altai\u00f3: [&hellip;]<\/p>\n","protected":false},"author":1,"featured_media":0,"parent":0,"menu_order":0,"comment_status":"closed","ping_status":"closed","template":"","meta":[],"yoast_head":"<!-- This site is optimized with the Yoast SEO plugin v15.5 - https:\/\/yoast.com\/wordpress\/plugins\/seo\/ -->\n<title>Documents - civitart.cat<\/title>\n<meta name=\"robots\" content=\"index, follow, max-snippet:-1, max-image-preview:large, max-video-preview:-1\" \/>\n<link rel=\"canonical\" href=\"https:\/\/www.civitart.cat\/es\/documentos\/\" \/>\n<meta property=\"og:locale\" content=\"en_US\" \/>\n<meta property=\"og:type\" content=\"article\" \/>\n<meta property=\"og:title\" content=\"Documents - civitart.cat\" \/>\n<meta property=\"og:description\" content=\"[vc_row gap=&#8221;60&#8243;][vc_column width=&#8221;1\/2&#8243;][vc_custom_heading text=&#8221;CLOSING OF THE EXPOS AT CCT (2019)&#8221; use_theme_fonts=&#8221;yes&#8221; font_container=&#8221;tag:h2|text_align:left&#8221; font_title_responsive=&#8221;true&#8221; css=&#8221;.vc_custom_1585411164144{margin-bottom: 30px !important;}&#8221;][vc_raw_html]JTNDaWZyYW1lJTIwd2lkdGglM0QlMjI1NjAlMjIlMjBoZWlnaHQlM0QlMjIzMTUlMjIlMjBzcmMlM0QlMjJodHRwcyUzQSUyRiUyRnd3dy55b3V0dWJlLmNvbSUyRmVtYmVkJTJGRi00Unp4QTQtOHMlM0ZyZWwlM0QwJTIyJTIwZnJhbWVib3JkZXIlM0QlMjIwJTIyJTIwYWxsb3clM0QlMjJhY2NlbGVyb21ldGVyJTNCJTIwYXV0b3BsYXklM0IlMjBlbmNyeXB0ZWQtbWVkaWElM0IlMjBneXJvc2NvcGUlM0IlMjBwaWN0dXJlLWluLXBpY3R1cmUlMjIlMjBhbGxvd2Z1bGxzY3JlZW4lM0UlM0MlMkZpZnJhbWUlM0U=[\/vc_raw_html][vc_empty_space height=&#8221;50px&#8221;][vc_column_text el_class=&#8221;textAltaio&#8221;] 19\/09\/2019 Cartografies 1, Cartografies 2, The Last Supper Damien Hirst Vicen\u00e7 Altai\u00f3: [&hellip;]\" \/>\n<meta property=\"og:url\" content=\"https:\/\/www.civitart.cat\/es\/documentos\/\" \/>\n<meta property=\"og:site_name\" content=\"civitart.cat\" \/>\n<meta property=\"article:modified_time\" content=\"2020-03-31T08:23:59+00:00\" \/>\n<meta name=\"twitter:card\" content=\"summary_large_image\" \/>\n<meta name=\"twitter:label1\" content=\"Est. reading time\">\n\t<meta name=\"twitter:data1\" content=\"12 minutes\">\n<script type=\"application\/ld+json\" class=\"yoast-schema-graph\">{\"@context\":\"https:\/\/schema.org\",\"@graph\":[{\"@type\":\"Organization\",\"@id\":\"https:\/\/www.civitart.cat\/#organization\",\"name\":\"CivitArt\",\"url\":\"https:\/\/www.civitart.cat\/\",\"sameAs\":[],\"logo\":{\"@type\":\"ImageObject\",\"@id\":\"https:\/\/www.civitart.cat\/#logo\",\"inLanguage\":\"en-US\",\"url\":\"https:\/\/www.civitart.cat\/wp-content\/uploads\/2019\/09\/civit.png\",\"width\":512,\"height\":512,\"caption\":\"CivitArt\"},\"image\":{\"@id\":\"https:\/\/www.civitart.cat\/#logo\"}},{\"@type\":\"WebSite\",\"@id\":\"https:\/\/www.civitart.cat\/#website\",\"url\":\"https:\/\/www.civitart.cat\/\",\"name\":\"civitart.cat\",\"description\":\"Col\\u00b7lecci\\u00f3 Civit Art Contemporani\",\"publisher\":{\"@id\":\"https:\/\/www.civitart.cat\/#organization\"},\"potentialAction\":[{\"@type\":\"SearchAction\",\"target\":\"https:\/\/www.civitart.cat\/?s={search_term_string}\",\"query-input\":\"required name=search_term_string\"}],\"inLanguage\":\"en-US\"},{\"@type\":\"WebPage\",\"@id\":\"https:\/\/www.civitart.cat\/es\/documentos\/#webpage\",\"url\":\"https:\/\/www.civitart.cat\/es\/documentos\/\",\"name\":\"Documents - civitart.cat\",\"isPartOf\":{\"@id\":\"https:\/\/www.civitart.cat\/#website\"},\"datePublished\":\"2019-08-30T07:25:00+00:00\",\"dateModified\":\"2020-03-31T08:23:59+00:00\",\"inLanguage\":\"en-US\",\"potentialAction\":[{\"@type\":\"ReadAction\",\"target\":[\"https:\/\/www.civitart.cat\/es\/documentos\/\"]}]}]}<\/script>\n<!-- \/ Yoast SEO plugin. -->","_links":{"self":[{"href":"https:\/\/www.civitart.cat\/en\/wp-json\/wp\/v2\/pages\/10489"}],"collection":[{"href":"https:\/\/www.civitart.cat\/en\/wp-json\/wp\/v2\/pages"}],"about":[{"href":"https:\/\/www.civitart.cat\/en\/wp-json\/wp\/v2\/types\/page"}],"author":[{"embeddable":true,"href":"https:\/\/www.civitart.cat\/en\/wp-json\/wp\/v2\/users\/1"}],"replies":[{"embeddable":true,"href":"https:\/\/www.civitart.cat\/en\/wp-json\/wp\/v2\/comments?post=10489"}],"version-history":[{"count":26,"href":"https:\/\/www.civitart.cat\/en\/wp-json\/wp\/v2\/pages\/10489\/revisions"}],"predecessor-version":[{"id":11689,"href":"https:\/\/www.civitart.cat\/en\/wp-json\/wp\/v2\/pages\/10489\/revisions\/11689"}],"wp:attachment":[{"href":"https:\/\/www.civitart.cat\/en\/wp-json\/wp\/v2\/media?parent=10489"}],"curies":[{"name":"wp","href":"https:\/\/api.w.org\/{rel}","templated":true}]}}