{"id":11705,"date":"2021-01-04T15:35:41","date_gmt":"2021-01-04T15:35:41","guid":{"rendered":"https:\/\/www.civitart.cat\/?page_id=11705"},"modified":"2021-01-04T16:05:42","modified_gmt":"2021-01-04T16:05:42","slug":"mubag","status":"publish","type":"page","link":"https:\/\/www.civitart.cat\/en\/exhibitions\/mubag\/","title":{"rendered":"MUBAG"},"content":{"rendered":"<p>[vc_row][vc_column][vc_column_text]<\/p>\n<h3>REPRESENTATIONS OF CONTEMPORARY TRAGEDY AND BANALITY<\/h3>\n<p>[\/vc_column_text][\/vc_column][\/vc_row][vc_row][vc_column width=&#8221;1\/2&#8243;][rdy_button text=&#8221;Read Joaqu\u00edn Ripoll text (PDF) `{`ES`}`&#8221; align=&#8221;left&#8221; margin_top=&#8221;0&#8243; margin_bottom=&#8221;0&#8243; background=&#8221;#000000&#8243; background_hover=&#8221;#fbc817&#8243; text_color_hover=&#8221;#000000&#8243; border_radius=&#8221;0&#8243; link=&#8221;url:https%3A%2F%2Fwww.civitart.cat%2Fwp-content%2Fuploads%2F2021%2F01%2FTextos_MUBAG_Joaquin-Ripoll.pdf||target:%20_blank|&#8221;][rdy_button text=&#8221;Read Pedro Romero text (PDF) `{`ES`}`&#8221; align=&#8221;left&#8221; margin_top=&#8221;0&#8243; margin_bottom=&#8221;0&#8243; background=&#8221;#000000&#8243; background_hover=&#8221;#fbc817&#8243; text_color_hover=&#8221;#000000&#8243; border_radius=&#8221;0&#8243; link=&#8221;url:https%3A%2F%2Fwww.civitart.cat%2Fwp-content%2Fuploads%2F2021%2F01%2FTextos_MUBAG_Pedro-Romero.pdf||target:%20_blank|&#8221;][rdy_button text=&#8221;Read Menene Gras text (PDF) `{`ES`}`&#8221; align=&#8221;left&#8221; margin_top=&#8221;0&#8243; margin_bottom=&#8221;0&#8243; background=&#8221;#000000&#8243; background_hover=&#8221;#fbc817&#8243; text_color_hover=&#8221;#000000&#8243; border_radius=&#8221;0&#8243; link=&#8221;url:https%3A%2F%2Fwww.civitart.cat%2Fwp-content%2Fuploads%2F2021%2F01%2FMenene_Gras_Mubag.pdf||target:%20_blank|&#8221;][\/vc_column][vc_column width=&#8221;1\/4&#8243;][\/vc_column][vc_column width=&#8221;1\/4&#8243;][\/vc_column][\/vc_row][vc_row][vc_column width=&#8221;1\/2&#8243;][vc_single_image image=&#8221;11708&#8243; description_text=&#8221;JAUME PLENSA. LA NEIGE ROUGE. 1991&#8243;][\/vc_column][vc_column width=&#8221;1\/2&#8243;][vc_single_image image=&#8221;11709&#8243; description_text=&#8221;JOS\u00c9 ANTONIO HERN\u00c1NDEZ-D\u00cdEZ. SIN T\u00cdTULO. 2000&#8243;][\/vc_column][\/vc_row][vc_row][vc_column width=&#8221;1\/2&#8243;][vc_single_image image=&#8221;11710&#8243; description_text=&#8221;HANNA COLLINS. SEX I. 1991&#8243;][\/vc_column][vc_column width=&#8221;1\/2&#8243;][vc_single_image image=&#8221;11711&#8243; description_text=&#8221;EDUARDO ARROYO. ANZUELO. 1989&#8243;][\/vc_column][\/vc_row][vc_row][vc_column width=&#8221;1\/2&#8243;][vc_single_image image=&#8221;11712&#8243; description_text=&#8221;GABRIEL KURI. COMPOST. 2004&#8243;][\/vc_column][vc_column width=&#8221;1\/2&#8243;][vc_single_image image=&#8221;11713&#8243; description_text=&#8221;JENS WOLF. O.T. 06.34. 2006&#8243;][\/vc_column][\/vc_row][vc_row][vc_column width=&#8221;1\/2&#8243;][vc_single_image image=&#8221;11714&#8243; description_text=&#8221;JOSEPH BEUYS. UNA ROSA PARA LA DEMOCRACIA DIRECTA&#8221;][\/vc_column][vc_column width=&#8221;1\/2&#8243;][vc_single_image image=&#8221;11715&#8243; description_text=&#8221;JOAN BROSSA. EL REGAL&#8221;][\/vc_column][\/vc_row][vc_row][vc_column width=&#8221;1\/2&#8243;][vc_single_image image=&#8221;11716&#8243; description_text=&#8221;JORDI ALCARAZ. PINTURA. 2007&#8243;][\/vc_column][vc_column width=&#8221;1\/2&#8243;][vc_single_image image=&#8221;11717&#8243; description_text=&#8221;JORDI ALCARAZ. BUFADOR. 2007&#8243;][\/vc_column][\/vc_row][vc_row][vc_column width=&#8221;1\/2&#8243;][vc_single_image image=&#8221;11718&#8243; description_text=&#8221;JORDI ALCARAZ. HOMENATGE A BRANCUSI. 2007&#8243;][\/vc_column][vc_column width=&#8221;1\/2&#8243;][vc_single_image image=&#8221;11719&#8243; description_text=&#8221;CHEMA MADOZ. YO&#8221;][\/vc_column][\/vc_row][vc_row][vc_column width=&#8221;1\/2&#8243;][vc_single_image image=&#8221;11720&#8243; description_text=&#8221;EUGENIO MERINO. SIN T\u00cdTULO. 2003&#8243;][\/vc_column][vc_column width=&#8221;1\/2&#8243;][vc_single_image image=&#8221;11721&#8243; description_text=&#8221;PEIO IRAZU. ONE BELLOW. 1991&#8243;][\/vc_column][\/vc_row][vc_row][vc_column width=&#8221;1\/2&#8243;][vc_single_image image=&#8221;11722&#8243; description_text=&#8221;MARK LUYTEN. LE LABYRINTHE ET LE MIROIR. 1989&#8243;][\/vc_column][vc_column width=&#8221;1\/2&#8243;][vc_single_image image=&#8221;11723&#8243; description_text=&#8221;JORGE GALINDO. EL CUELLO DE LA BOTELLA. 1996&#8243;][\/vc_column][\/vc_row][vc_row][vc_column width=&#8221;1\/2&#8243;][vc_single_image image=&#8221;11724&#8243; description_text=&#8221;JOAN URRI\u00d3S. UN CARA A CARA AMP PIET N\u00ba3. 1998&#8243;][\/vc_column][vc_column width=&#8221;1\/2&#8243;][\/vc_column][\/vc_row][vc_row][vc_column width=&#8221;1\/2&#8243;][rdy_button text=&#8221;Read Joaqu\u00edn Ripoll text (PDF) `{`ES`}`&#8221; align=&#8221;left&#8221; margin_top=&#8221;0&#8243; margin_bottom=&#8221;0&#8243; background=&#8221;#000000&#8243; background_hover=&#8221;#fbc817&#8243; text_color_hover=&#8221;#000000&#8243; border_radius=&#8221;0&#8243; link=&#8221;url:https%3A%2F%2Fwww.civitart.cat%2Fwp-content%2Fuploads%2F2021%2F01%2FTextos_MUBAG_Joaquin-Ripoll.pdf||target:%20_blank|&#8221;][rdy_button text=&#8221;Read Pedro Romero text (PDF) `{`ES`}`&#8221; align=&#8221;left&#8221; margin_top=&#8221;0&#8243; margin_bottom=&#8221;0&#8243; background=&#8221;#000000&#8243; background_hover=&#8221;#fbc817&#8243; text_color_hover=&#8221;#000000&#8243; border_radius=&#8221;0&#8243; link=&#8221;url:https%3A%2F%2Fwww.civitart.cat%2Fwp-content%2Fuploads%2F2021%2F01%2FTextos_MUBAG_Pedro-Romero.pdf||target:%20_blank|&#8221;][rdy_button text=&#8221;Read Menene Gras text (PDF) `{`ES`}`&#8221; align=&#8221;left&#8221; margin_top=&#8221;0&#8243; margin_bottom=&#8221;0&#8243; background=&#8221;#000000&#8243; background_hover=&#8221;#fbc817&#8243; text_color_hover=&#8221;#000000&#8243; border_radius=&#8221;0&#8243; link=&#8221;url:https%3A%2F%2Fwww.civitart.cat%2Fwp-content%2Fuploads%2F2021%2F01%2FMenene_Gras_Mubag.pdf||target:%20_blank|&#8221;][\/vc_column][vc_column width=&#8221;1\/2&#8243;][\/vc_column][\/vc_row]<\/p>","protected":false},"excerpt":{"rendered":"<p>[vc_row][vc_column][vc_column_text] REPRESENTATIONS OF CONTEMPORARY TRAGEDY AND BANALITY [\/vc_column_text][\/vc_column][\/vc_row][vc_row][vc_column width=&#8221;1\/2&#8243;][rdy_button text=&#8221;Read Joaqu\u00edn Ripoll text (PDF) `{`ES`}`&#8221; align=&#8221;left&#8221; margin_top=&#8221;0&#8243; margin_bottom=&#8221;0&#8243; background=&#8221;#000000&#8243; background_hover=&#8221;#fbc817&#8243; text_color_hover=&#8221;#000000&#8243; border_radius=&#8221;0&#8243; link=&#8221;url:https%3A%2F%2Fwww.civitart.cat%2Fwp-content%2Fuploads%2F2021%2F01%2FTextos_MUBAG_Joaquin-Ripoll.pdf||target:%20_blank|&#8221;][rdy_button text=&#8221;Read Pedro Romero text (PDF) `{`ES`}`&#8221; align=&#8221;left&#8221; [&hellip;]<\/p>\n","protected":false},"author":1,"featured_media":0,"parent":10396,"menu_order":0,"comment_status":"closed","ping_status":"closed","template":"","meta":[],"yoast_head":"<!-- This site is optimized with the Yoast SEO plugin v15.5 - https:\/\/yoast.com\/wordpress\/plugins\/seo\/ -->\n<title>MUBAG - civitart.cat<\/title>\n<meta name=\"robots\" content=\"index, follow, max-snippet:-1, max-image-preview:large, max-video-preview:-1\" \/>\n<link rel=\"canonical\" href=\"https:\/\/www.civitart.cat\/exposicions\/mubag\/\" \/>\n<meta property=\"og:locale\" content=\"en_US\" \/>\n<meta property=\"og:type\" content=\"article\" \/>\n<meta property=\"og:title\" content=\"MUBAG - civitart.cat\" \/>\n<meta property=\"og:description\" content=\"[vc_row][vc_column][vc_column_text] REPRESENTATIONS OF CONTEMPORARY TRAGEDY AND BANALITY [\/vc_column_text][\/vc_column][\/vc_row][vc_row][vc_column width=&#8221;1\/2&#8243;][rdy_button text=&#8221;Read Joaqu\u00edn Ripoll text (PDF) `{`ES`}`&#8221; align=&#8221;left&#8221; margin_top=&#8221;0&#8243; margin_bottom=&#8221;0&#8243; background=&#8221;#000000&#8243; background_hover=&#8221;#fbc817&#8243; text_color_hover=&#8221;#000000&#8243; border_radius=&#8221;0&#8243; link=&#8221;url:https%3A%2F%2Fwww.civitart.cat%2Fwp-content%2Fuploads%2F2021%2F01%2FTextos_MUBAG_Joaquin-Ripoll.pdf||target:%20_blank|&#8221;][rdy_button text=&#8221;Read Pedro Romero text (PDF) `{`ES`}`&#8221; align=&#8221;left&#8221; [&hellip;]\" \/>\n<meta property=\"og:url\" content=\"https:\/\/www.civitart.cat\/exposicions\/mubag\/\" \/>\n<meta property=\"og:site_name\" content=\"civitart.cat\" \/>\n<meta property=\"article:modified_time\" content=\"2021-01-04T16:05:42+00:00\" \/>\n<meta name=\"twitter:card\" content=\"summary_large_image\" \/>\n<meta name=\"twitter:label1\" content=\"Est. reading time\">\n\t<meta name=\"twitter:data1\" content=\"8 minutes\">\n<script type=\"application\/ld+json\" class=\"yoast-schema-graph\">{\"@context\":\"https:\/\/schema.org\",\"@graph\":[{\"@type\":\"Organization\",\"@id\":\"https:\/\/www.civitart.cat\/#organization\",\"name\":\"CivitArt\",\"url\":\"https:\/\/www.civitart.cat\/\",\"sameAs\":[],\"logo\":{\"@type\":\"ImageObject\",\"@id\":\"https:\/\/www.civitart.cat\/#logo\",\"inLanguage\":\"en-US\",\"url\":\"https:\/\/www.civitart.cat\/wp-content\/uploads\/2019\/09\/civit.png\",\"width\":512,\"height\":512,\"caption\":\"CivitArt\"},\"image\":{\"@id\":\"https:\/\/www.civitart.cat\/#logo\"}},{\"@type\":\"WebSite\",\"@id\":\"https:\/\/www.civitart.cat\/#website\",\"url\":\"https:\/\/www.civitart.cat\/\",\"name\":\"civitart.cat\",\"description\":\"Col\\u00b7lecci\\u00f3 Civit Art Contemporani\",\"publisher\":{\"@id\":\"https:\/\/www.civitart.cat\/#organization\"},\"potentialAction\":[{\"@type\":\"SearchAction\",\"target\":\"https:\/\/www.civitart.cat\/?s={search_term_string}\",\"query-input\":\"required name=search_term_string\"}],\"inLanguage\":\"en-US\"},{\"@type\":\"WebPage\",\"@id\":\"https:\/\/www.civitart.cat\/exposicions\/mubag\/#webpage\",\"url\":\"https:\/\/www.civitart.cat\/exposicions\/mubag\/\",\"name\":\"MUBAG - civitart.cat\",\"isPartOf\":{\"@id\":\"https:\/\/www.civitart.cat\/#website\"},\"datePublished\":\"2021-01-04T15:35:41+00:00\",\"dateModified\":\"2021-01-04T16:05:42+00:00\",\"inLanguage\":\"en-US\",\"potentialAction\":[{\"@type\":\"ReadAction\",\"target\":[\"https:\/\/www.civitart.cat\/exposicions\/mubag\/\"]}]}]}<\/script>\n<!-- \/ Yoast SEO plugin. -->","_links":{"self":[{"href":"https:\/\/www.civitart.cat\/en\/wp-json\/wp\/v2\/pages\/11705"}],"collection":[{"href":"https:\/\/www.civitart.cat\/en\/wp-json\/wp\/v2\/pages"}],"about":[{"href":"https:\/\/www.civitart.cat\/en\/wp-json\/wp\/v2\/types\/page"}],"author":[{"embeddable":true,"href":"https:\/\/www.civitart.cat\/en\/wp-json\/wp\/v2\/users\/1"}],"replies":[{"embeddable":true,"href":"https:\/\/www.civitart.cat\/en\/wp-json\/wp\/v2\/comments?post=11705"}],"version-history":[{"count":6,"href":"https:\/\/www.civitart.cat\/en\/wp-json\/wp\/v2\/pages\/11705\/revisions"}],"predecessor-version":[{"id":11735,"href":"https:\/\/www.civitart.cat\/en\/wp-json\/wp\/v2\/pages\/11705\/revisions\/11735"}],"up":[{"embeddable":true,"href":"https:\/\/www.civitart.cat\/en\/wp-json\/wp\/v2\/pages\/10396"}],"wp:attachment":[{"href":"https:\/\/www.civitart.cat\/en\/wp-json\/wp\/v2\/media?parent=11705"}],"curies":[{"name":"wp","href":"https:\/\/api.w.org\/{rel}","templated":true}]}}