{"id":11743,"date":"2021-01-11T10:52:18","date_gmt":"2021-01-11T10:52:18","guid":{"rendered":"https:\/\/www.civitart.cat\/?page_id=11743"},"modified":"2021-01-11T12:01:35","modified_gmt":"2021-01-11T12:01:35","slug":"cdan","status":"publish","type":"page","link":"https:\/\/www.civitart.cat\/en\/exhibitions\/cdan\/","title":{"rendered":"CDAN"},"content":{"rendered":"<p>[vc_row][vc_column][vc_column_text]<\/p>\n<h3>REPRESENTATIONS OF CONTEMPORARY TRAGEDY AND BANALITY<\/h3>\n<p>[\/vc_column_text][\/vc_column][\/vc_row][vc_row][vc_column width=&#8221;1\/2&#8243;][rdy_button text=&#8221;Read Eva Almunia text (PDF) `{`ES`}`&#8221; align=&#8221;left&#8221; margin_top=&#8221;0&#8243; margin_bottom=&#8221;0&#8243; background=&#8221;#000000&#8243; background_hover=&#8221;#fbc817&#8243; text_color_hover=&#8221;#000000&#8243; border_radius=&#8221;0&#8243; link=&#8221;url:https%3A%2F%2Fwww.civitart.cat%2Fwp-content%2Fuploads%2F2021%2F01%2FTextos_Eva-Almunia.pdf||target:%20_blank|&#8221;][rdy_button text=&#8221;Read Menene Gras text (PDF) `{`ES`}`&#8221; align=&#8221;left&#8221; margin_top=&#8221;0&#8243; margin_bottom=&#8221;0&#8243; background=&#8221;#000000&#8243; background_hover=&#8221;#fbc817&#8243; text_color_hover=&#8221;#000000&#8243; border_radius=&#8221;0&#8243; link=&#8221;url:https%3A%2F%2Fwww.civitart.cat%2Fwp-content%2Fuploads%2F2019%2F09%2FTextos_Menene-Gras.pdf||target:%20_blank|&#8221;][rdy_button text=&#8221;Read Anna Maria Guasch text (PDF) `{`ES`}`&#8221; align=&#8221;left&#8221; margin_top=&#8221;0&#8243; margin_bottom=&#8221;0&#8243; background=&#8221;#000000&#8243; background_hover=&#8221;#fbc817&#8243; text_color_hover=&#8221;#000000&#8243; border_radius=&#8221;0&#8243; link=&#8221;url:https%3A%2F%2Fwww.civitart.cat%2Fwp-content%2Fuploads%2F2019%2F09%2FTextos_Anna-Maria-Guasch.pdf||target:%20_blank|&#8221;][rdy_button text=&#8221;See more artworks&#8221; align=&#8221;left&#8221; margin_top=&#8221;0&#8243; margin_bottom=&#8221;0&#8243; background=&#8221;#000000&#8243; background_hover=&#8221;#fbc817&#8243; text_color_hover=&#8221;#000000&#8243; border_radius=&#8221;0&#8243; link=&#8221;url:https%3A%2F%2Fwww.civitart.cat%2Fen%2Fexhibitions%2Fcdan-2%2F|title:CDAN||&#8221;][\/vc_column][vc_column width=&#8221;1\/4&#8243;][\/vc_column][vc_column width=&#8221;1\/4&#8243;][\/vc_column][\/vc_row][vc_row][vc_column width=&#8221;1\/2&#8243;][vc_single_image image=&#8221;11745&#8243; description_text=&#8221;JAVIER P\u00c9REZ. HUMANO. 1998&#8243;][\/vc_column][vc_column width=&#8221;1\/2&#8243;][vc_single_image image=&#8221;11746&#8243; description_text=&#8221;JEFF KOONS. INFLATABLE BALLOON FLOWER (YELLOW). 1997&#8243;][\/vc_column][\/vc_row][vc_row][vc_column width=&#8221;1\/2&#8243;][vc_single_image image=&#8221;11747&#8243; description_text=&#8221;DAMIEN HIRST. THE LAST SUPPER. 1999&#8243;][\/vc_column][vc_column width=&#8221;1\/2&#8243;][vc_single_image image=&#8221;11748&#8243; description_text=&#8221;EUGENIO AMPUDIA. LA VERDAD ES UNA EXCUSA. 2007&#8243;][\/vc_column][\/vc_row][vc_row][vc_column width=&#8221;1\/2&#8243;][vc_single_image image=&#8221;11749&#8243; description_text=&#8221;ROBERT MOTHERWELL. SAMURAI. 1971&#8243;][\/vc_column][vc_column width=&#8221;1\/2&#8243;][vc_single_image image=&#8221;11750&#8243; description_text=&#8221;JANNIS KOUNELLIS. SIN T\u00cdTULO. 2002&#8243;][\/vc_column][\/vc_row][vc_row][vc_column width=&#8221;1\/2&#8243;][vc_single_image image=&#8221;11751&#8243; description_text=&#8221;\u00c1NGELA DE LA CRUZ. DISLOCATED PAINTING III (ORANGE). 2001&#8243;][\/vc_column][vc_column width=&#8221;1\/2&#8243;][vc_single_image image=&#8221;11752&#8243; description_text=&#8221;IMI KNOEBEL. FACE 14. 2003&#8243;][\/vc_column][\/vc_row][vc_row][vc_column width=&#8221;1\/2&#8243;][vc_single_image image=&#8221;11753&#8243; description_text=&#8221;ANN VERONICA JANSSENS. LIGHT, YELLOW, GREEN. 2005&#8243;][\/vc_column][vc_column width=&#8221;1\/2&#8243;][vc_single_image image=&#8221;11754&#8243; description_text=&#8221;DAN FLAVIN. TO CHARLOTTE. 1987&#8243;][\/vc_column][\/vc_row][vc_row][vc_column width=&#8221;1\/2&#8243;][vc_single_image image=&#8221;11755&#8243; description_text=&#8221;JOAO ONOFRE. SOMETHING WILL COME OUT OF THIS. 2007&#8243;][\/vc_column][vc_column width=&#8221;1\/2&#8243;][vc_single_image image=&#8221;11756&#8243; description_text=&#8221;BERNARD\u00cd ROIG. SMOKEHEAD.2007&#8243;][\/vc_column][\/vc_row][vc_row][vc_column width=&#8221;1\/2&#8243;][vc_single_image image=&#8221;11757&#8243; description_text=&#8221;JOS\u00c9 MAR\u00cdA SICILIA. SIN T\u00cdTULO. 2000&#8243;][\/vc_column][vc_column width=&#8221;1\/2&#8243;][vc_single_image image=&#8221;11758&#8243; description_text=&#8221;MIQUEL MONT. SIN T\u00cdTULO. 2000&#8243;][\/vc_column][\/vc_row][vc_row][vc_column width=&#8221;1\/2&#8243;][vc_single_image image=&#8221;11759&#8243; description_text=&#8221;MIQUEL MONT. PEAU XVI. 2000&#8243;][\/vc_column][vc_column width=&#8221;1\/2&#8243;][vc_single_image image=&#8221;11760&#8243; description_text=&#8221;MITSUO MIURA. BURBUJA VIOLETA, NARANJA, AMARILLA, AZUL. 1991&#8243;][\/vc_column][\/vc_row][vc_row][vc_column width=&#8221;1\/2&#8243;][vc_single_image image=&#8221;11761&#8243; description_text=&#8221;PETER W\u00dcTHRICH. LITERARY PORTRAIT&#8221;][\/vc_column][vc_column width=&#8221;1\/2&#8243;][vc_single_image image=&#8221;11762&#8243; description_text=&#8221;ADRIAN SCHIESS. PRINTEMPS. 2000&#8243;][\/vc_column][\/vc_row][vc_row][vc_column width=&#8221;1\/2&#8243;][vc_single_image image=&#8221;11763&#8243; description_text=&#8221;MARION THIEME. S. T. (CRISTAL AZUL). 1989&#8243;][\/vc_column][vc_column width=&#8221;1\/2&#8243;][vc_single_image image=&#8221;11764&#8243; description_text=&#8221;DANIEL G\u00d6TTIN. BLACK CARPET. 2003&#8243;][\/vc_column][\/vc_row][vc_row][vc_column width=&#8221;1\/2&#8243;][vc_single_image image=&#8221;11765&#8243; description_text=&#8221;DANIEL G\u00d6TTIN. RED CARPET. 2003&#8243;][\/vc_column][vc_column width=&#8221;1\/2&#8243;][vc_single_image image=&#8221;11766&#8243; description_text=&#8221;SILVIA B\u00c4CHLI. LINIEN 5. 2002&#8243;][\/vc_column][\/vc_row][vc_row][vc_column width=&#8221;1\/2&#8243;][vc_single_image image=&#8221;11767&#8243; description_text=&#8221;SEAN SCULLY. 3.17.02. 2002&#8243;][\/vc_column][vc_column width=&#8221;1\/2&#8243;][vc_single_image image=&#8221;11768&#8243; description_text=&#8221;JAUME PLENSA. RICE. 1995&#8243;][\/vc_column][\/vc_row][vc_row][vc_column width=&#8221;1\/2&#8243;][vc_single_image image=&#8221;11769&#8243; description_text=&#8221;JAUME PLENSA. POETRY. 1995&#8243;][\/vc_column][vc_column width=&#8221;1\/2&#8243;][vc_single_image image=&#8221;11770&#8243; description_text=&#8221;MARK LUYTEN. LE LABYRINTHE ET LE MIROIR. 1989&#8243;][\/vc_column][\/vc_row][vc_row][vc_column width=&#8221;1\/2&#8243;][vc_single_image image=&#8221;11771&#8243; description_text=&#8221;DAVID AUSTEN. HUCH&#8230; FRIEND. 1989&#8243;][\/vc_column][vc_column width=&#8221;1\/2&#8243;][vc_single_image image=&#8221;11772&#8243; description_text=&#8221;JOAN BROSSA. EL PA\u00cdS. 1988&#8243;][\/vc_column][\/vc_row][vc_row][vc_column width=&#8221;1\/2&#8243;][vc_single_image image=&#8221;11773&#8243; description_text=&#8221;JOAN BROSSA. LECTURA. 1989&#8243;][\/vc_column][vc_column width=&#8221;1\/2&#8243;][vc_single_image image=&#8221;11774&#8243; description_text=&#8221;SCOTT RICHTER. ABGESHIEDENHEIT. 1991&#8243;][\/vc_column][\/vc_row][vc_row][vc_column width=&#8221;1\/2&#8243;][rdy_button text=&#8221;Read Eva Almunia text (PDF) `{`ES`}`&#8221; align=&#8221;left&#8221; margin_top=&#8221;0&#8243; margin_bottom=&#8221;0&#8243; background=&#8221;#000000&#8243; background_hover=&#8221;#fbc817&#8243; text_color_hover=&#8221;#000000&#8243; border_radius=&#8221;0&#8243; link=&#8221;url:https%3A%2F%2Fwww.civitart.cat%2Fwp-content%2Fuploads%2F2021%2F01%2FTextos_Eva-Almunia.pdf||target:%20_blank|&#8221;][rdy_button text=&#8221;Read Menene Gras text (PDF) `{`ES`}`&#8221; align=&#8221;left&#8221; margin_top=&#8221;0&#8243; margin_bottom=&#8221;0&#8243; background=&#8221;#000000&#8243; background_hover=&#8221;#fbc817&#8243; text_color_hover=&#8221;#000000&#8243; border_radius=&#8221;0&#8243; link=&#8221;url:https%3A%2F%2Fwww.civitart.cat%2Fwp-content%2Fuploads%2F2019%2F09%2FTextos_Menene-Gras.pdf||target:%20_blank|&#8221;][rdy_button text=&#8221;Read Anna Maria Guasch text (PDF) `{`ES`}`&#8221; align=&#8221;left&#8221; margin_top=&#8221;0&#8243; margin_bottom=&#8221;0&#8243; background=&#8221;#000000&#8243; background_hover=&#8221;#fbc817&#8243; text_color_hover=&#8221;#000000&#8243; border_radius=&#8221;0&#8243; link=&#8221;url:https%3A%2F%2Fwww.civitart.cat%2Fwp-content%2Fuploads%2F2019%2F09%2FTextos_Anna-Maria-Guasch.pdf||target:%20_blank|&#8221;][rdy_button text=&#8221;See more artworks&#8221; align=&#8221;left&#8221; margin_top=&#8221;0&#8243; margin_bottom=&#8221;0&#8243; background=&#8221;#000000&#8243; background_hover=&#8221;#fbc817&#8243; text_color_hover=&#8221;#000000&#8243; border_radius=&#8221;0&#8243; link=&#8221;url:https%3A%2F%2Fwww.civitart.cat%2Fen%2Fexhibitions%2Fcdan-2%2F|title:CDAN||&#8221;][\/vc_column][vc_column width=&#8221;1\/4&#8243;][\/vc_column][vc_column width=&#8221;1\/4&#8243;][\/vc_column][\/vc_row]<\/p>","protected":false},"excerpt":{"rendered":"<p>[vc_row][vc_column][vc_column_text] REPRESENTATIONS OF CONTEMPORARY TRAGEDY AND BANALITY [\/vc_column_text][\/vc_column][\/vc_row][vc_row][vc_column width=&#8221;1\/2&#8243;][rdy_button text=&#8221;Read Eva Almunia text (PDF) `{`ES`}`&#8221; align=&#8221;left&#8221; margin_top=&#8221;0&#8243; margin_bottom=&#8221;0&#8243; background=&#8221;#000000&#8243; background_hover=&#8221;#fbc817&#8243; text_color_hover=&#8221;#000000&#8243; border_radius=&#8221;0&#8243; link=&#8221;url:https%3A%2F%2Fwww.civitart.cat%2Fwp-content%2Fuploads%2F2021%2F01%2FTextos_Eva-Almunia.pdf||target:%20_blank|&#8221;][rdy_button text=&#8221;Read Menene Gras text (PDF) `{`ES`}`&#8221; align=&#8221;left&#8221; [&hellip;]<\/p>\n","protected":false},"author":1,"featured_media":0,"parent":10396,"menu_order":0,"comment_status":"closed","ping_status":"closed","template":"","meta":[],"yoast_head":"<!-- This site is optimized with the Yoast SEO plugin v15.5 - https:\/\/yoast.com\/wordpress\/plugins\/seo\/ -->\n<title>CDAN - civitart.cat<\/title>\n<meta name=\"robots\" content=\"index, follow, max-snippet:-1, max-image-preview:large, max-video-preview:-1\" \/>\n<link rel=\"canonical\" href=\"https:\/\/www.civitart.cat\/exposicions\/cdan\/\" \/>\n<meta property=\"og:locale\" content=\"en_US\" \/>\n<meta property=\"og:type\" content=\"article\" \/>\n<meta property=\"og:title\" content=\"CDAN - civitart.cat\" \/>\n<meta property=\"og:description\" content=\"[vc_row][vc_column][vc_column_text] REPRESENTATIONS OF CONTEMPORARY TRAGEDY AND BANALITY [\/vc_column_text][\/vc_column][\/vc_row][vc_row][vc_column width=&#8221;1\/2&#8243;][rdy_button text=&#8221;Read Eva Almunia text (PDF) `{`ES`}`&#8221; align=&#8221;left&#8221; margin_top=&#8221;0&#8243; margin_bottom=&#8221;0&#8243; background=&#8221;#000000&#8243; background_hover=&#8221;#fbc817&#8243; text_color_hover=&#8221;#000000&#8243; border_radius=&#8221;0&#8243; link=&#8221;url:https%3A%2F%2Fwww.civitart.cat%2Fwp-content%2Fuploads%2F2021%2F01%2FTextos_Eva-Almunia.pdf||target:%20_blank|&#8221;][rdy_button text=&#8221;Read Menene Gras text (PDF) `{`ES`}`&#8221; align=&#8221;left&#8221; [&hellip;]\" \/>\n<meta property=\"og:url\" content=\"https:\/\/www.civitart.cat\/exposicions\/cdan\/\" \/>\n<meta property=\"og:site_name\" content=\"civitart.cat\" \/>\n<meta property=\"article:modified_time\" content=\"2021-01-11T12:01:35+00:00\" \/>\n<meta name=\"twitter:card\" content=\"summary_large_image\" \/>\n<meta name=\"twitter:label1\" content=\"Est. reading time\">\n\t<meta name=\"twitter:data1\" content=\"11 minutes\">\n<script type=\"application\/ld+json\" class=\"yoast-schema-graph\">{\"@context\":\"https:\/\/schema.org\",\"@graph\":[{\"@type\":\"Organization\",\"@id\":\"https:\/\/www.civitart.cat\/#organization\",\"name\":\"CivitArt\",\"url\":\"https:\/\/www.civitart.cat\/\",\"sameAs\":[],\"logo\":{\"@type\":\"ImageObject\",\"@id\":\"https:\/\/www.civitart.cat\/#logo\",\"inLanguage\":\"en-US\",\"url\":\"https:\/\/www.civitart.cat\/wp-content\/uploads\/2019\/09\/civit.png\",\"width\":512,\"height\":512,\"caption\":\"CivitArt\"},\"image\":{\"@id\":\"https:\/\/www.civitart.cat\/#logo\"}},{\"@type\":\"WebSite\",\"@id\":\"https:\/\/www.civitart.cat\/#website\",\"url\":\"https:\/\/www.civitart.cat\/\",\"name\":\"civitart.cat\",\"description\":\"Col\\u00b7lecci\\u00f3 Civit Art Contemporani\",\"publisher\":{\"@id\":\"https:\/\/www.civitart.cat\/#organization\"},\"potentialAction\":[{\"@type\":\"SearchAction\",\"target\":\"https:\/\/www.civitart.cat\/?s={search_term_string}\",\"query-input\":\"required name=search_term_string\"}],\"inLanguage\":\"en-US\"},{\"@type\":\"WebPage\",\"@id\":\"https:\/\/www.civitart.cat\/exposicions\/cdan\/#webpage\",\"url\":\"https:\/\/www.civitart.cat\/exposicions\/cdan\/\",\"name\":\"CDAN - civitart.cat\",\"isPartOf\":{\"@id\":\"https:\/\/www.civitart.cat\/#website\"},\"datePublished\":\"2021-01-11T10:52:18+00:00\",\"dateModified\":\"2021-01-11T12:01:35+00:00\",\"inLanguage\":\"en-US\",\"potentialAction\":[{\"@type\":\"ReadAction\",\"target\":[\"https:\/\/www.civitart.cat\/exposicions\/cdan\/\"]}]}]}<\/script>\n<!-- \/ Yoast SEO plugin. -->","_links":{"self":[{"href":"https:\/\/www.civitart.cat\/en\/wp-json\/wp\/v2\/pages\/11743"}],"collection":[{"href":"https:\/\/www.civitart.cat\/en\/wp-json\/wp\/v2\/pages"}],"about":[{"href":"https:\/\/www.civitart.cat\/en\/wp-json\/wp\/v2\/types\/page"}],"author":[{"embeddable":true,"href":"https:\/\/www.civitart.cat\/en\/wp-json\/wp\/v2\/users\/1"}],"replies":[{"embeddable":true,"href":"https:\/\/www.civitart.cat\/en\/wp-json\/wp\/v2\/comments?post=11743"}],"version-history":[{"count":6,"href":"https:\/\/www.civitart.cat\/en\/wp-json\/wp\/v2\/pages\/11743\/revisions"}],"predecessor-version":[{"id":11822,"href":"https:\/\/www.civitart.cat\/en\/wp-json\/wp\/v2\/pages\/11743\/revisions\/11822"}],"up":[{"embeddable":true,"href":"https:\/\/www.civitart.cat\/en\/wp-json\/wp\/v2\/pages\/10396"}],"wp:attachment":[{"href":"https:\/\/www.civitart.cat\/en\/wp-json\/wp\/v2\/media?parent=11743"}],"curies":[{"name":"wp","href":"https:\/\/api.w.org\/{rel}","templated":true}]}}