{"id":10437,"date":"2018-11-25T15:36:46","date_gmt":"2018-11-25T15:36:46","guid":{"rendered":"https:\/\/www.civitart.cat\/?page_id=10437"},"modified":"2020-01-25T17:00:16","modified_gmt":"2020-01-25T17:00:16","slug":"video-home","status":"publish","type":"page","link":"https:\/\/www.civitart.cat\/es\/","title":{"rendered":"Civit Art"},"content":{"rendered":"<p>[vc_row full_height=\u00bbyes\u00bb columns_placement=\u00bbbottom\u00bb video_bg=\u00bbyes\u00bb video_mp4=\u00bbhttps:\/\/www.civitart.cat\/wp-content\/uploads\/2018\/11\/CivitArt.mp4&#8243; video_webm=\u00bbhttps:\/\/www.civitart.cat\/wp-content\/uploads\/2018\/11\/CivitArt.webm\u00bb video_ogv=\u00bbhttps:\/\/www.civitart.cat\/wp-content\/uploads\/2018\/11\/CivitArt.ogv\u00bb video_image=\u00bb10438&#8243; logo_color_type=\u00bbdark\u00bb][vc_column][\/vc_column][\/vc_row]<\/p>\n","protected":false},"excerpt":{"rendered":"<p>[vc_row full_height=\u00bbyes\u00bb columns_placement=\u00bbbottom\u00bb video_bg=\u00bbyes\u00bb video_mp4=\u00bbhttps:\/\/www.civitart.cat\/wp-content\/uploads\/2018\/11\/CivitArt.mp4&#8243; video_webm=\u00bbhttps:\/\/www.civitart.cat\/wp-content\/uploads\/2018\/11\/CivitArt.webm\u00bb video_ogv=\u00bbhttps:\/\/www.civitart.cat\/wp-content\/uploads\/2018\/11\/CivitArt.ogv\u00bb video_image=\u00bb10438&#8243; logo_color_type=\u00bbdark\u00bb][vc_column][\/vc_column][\/vc_row]<\/p>\n","protected":false},"author":1,"featured_media":0,"parent":0,"menu_order":0,"comment_status":"closed","ping_status":"closed","template":"","meta":[],"yoast_head":"<!-- This site is optimized with the Yoast SEO plugin v15.5 - https:\/\/yoast.com\/wordpress\/plugins\/seo\/ -->\n<title>Civit Art - civitart.cat<\/title>\n<meta name=\"description\" content=\"La Col\u00b7lecci\u00f3 Josep Maria Civit \u00e9s una de les col\u00b7leccions d\u2019art contemporani a Catalunya, que constru\u00efda durant molts anys, vol ser un relat de la contemporane\u00eftat i una aportaci\u00f3 al col\u00b7leccionisme catal\u00e0.La Col\u00b7lecci\u00f3 Josep Maria Civit \u00e9s una de les col\u00b7leccions d\u2019art contemporani a Catalunya, que constru\u00efda durant molts anys, vol ser un relat de la contemporane\u00eftat i una aportaci\u00f3 al col\u00b7leccionisme catal\u00e0.\" \/>\n<meta name=\"robots\" content=\"index, follow, max-snippet:-1, max-image-preview:large, max-video-preview:-1\" \/>\n<link rel=\"canonical\" href=\"https:\/\/www.civitart.cat\/\" \/>\n<meta property=\"og:locale\" content=\"es_ES\" \/>\n<meta property=\"og:type\" content=\"article\" \/>\n<meta property=\"og:title\" content=\"Civit Art - civitart.cat\" \/>\n<meta property=\"og:description\" content=\"La Col\u00b7lecci\u00f3 Josep Maria Civit \u00e9s una de les col\u00b7leccions d\u2019art contemporani a Catalunya, que constru\u00efda durant molts anys, vol ser un relat de la contemporane\u00eftat i una aportaci\u00f3 al col\u00b7leccionisme catal\u00e0.La Col\u00b7lecci\u00f3 Josep Maria Civit \u00e9s una de les col\u00b7leccions d\u2019art contemporani a Catalunya, que constru\u00efda durant molts anys, vol ser un relat de la contemporane\u00eftat i una aportaci\u00f3 al col\u00b7leccionisme catal\u00e0.\" \/>\n<meta property=\"og:url\" content=\"https:\/\/www.civitart.cat\/\" \/>\n<meta property=\"og:site_name\" content=\"civitart.cat\" \/>\n<meta property=\"article:modified_time\" content=\"2020-01-25T17:00:16+00:00\" \/>\n<meta name=\"twitter:card\" content=\"summary_large_image\" \/>\n<meta name=\"twitter:label1\" content=\"Tiempo de lectura\">\n\t<meta name=\"twitter:data1\" content=\"0 minutos\">\n<script type=\"application\/ld+json\" class=\"yoast-schema-graph\">{\"@context\":\"https:\/\/schema.org\",\"@graph\":[{\"@type\":\"Organization\",\"@id\":\"https:\/\/www.civitart.cat\/#organization\",\"name\":\"CivitArt\",\"url\":\"https:\/\/www.civitart.cat\/\",\"sameAs\":[],\"logo\":{\"@type\":\"ImageObject\",\"@id\":\"https:\/\/www.civitart.cat\/#logo\",\"inLanguage\":\"es\",\"url\":\"https:\/\/www.civitart.cat\/wp-content\/uploads\/2019\/09\/civit.png\",\"width\":512,\"height\":512,\"caption\":\"CivitArt\"},\"image\":{\"@id\":\"https:\/\/www.civitart.cat\/#logo\"}},{\"@type\":\"WebSite\",\"@id\":\"https:\/\/www.civitart.cat\/#website\",\"url\":\"https:\/\/www.civitart.cat\/\",\"name\":\"civitart.cat\",\"description\":\"Col\\u00b7lecci\\u00f3 Civit Art Contemporani\",\"publisher\":{\"@id\":\"https:\/\/www.civitart.cat\/#organization\"},\"potentialAction\":[{\"@type\":\"SearchAction\",\"target\":\"https:\/\/www.civitart.cat\/?s={search_term_string}\",\"query-input\":\"required name=search_term_string\"}],\"inLanguage\":\"es\"},{\"@type\":\"WebPage\",\"@id\":\"https:\/\/www.civitart.cat\/#webpage\",\"url\":\"https:\/\/www.civitart.cat\/\",\"name\":\"Civit Art - civitart.cat\",\"isPartOf\":{\"@id\":\"https:\/\/www.civitart.cat\/#website\"},\"datePublished\":\"2018-11-25T15:36:46+00:00\",\"dateModified\":\"2020-01-25T17:00:16+00:00\",\"description\":\"La Col\\u00b7lecci\\u00f3 Josep Maria Civit \\u00e9s una de les col\\u00b7leccions d\\u2019art contemporani a Catalunya, que constru\\u00efda durant molts anys, vol ser un relat de la contemporane\\u00eftat i una aportaci\\u00f3 al col\\u00b7leccionisme catal\\u00e0.La Col\\u00b7lecci\\u00f3 Josep Maria Civit \\u00e9s una de les col\\u00b7leccions d\\u2019art contemporani a Catalunya, que constru\\u00efda durant molts anys, vol ser un relat de la contemporane\\u00eftat i una aportaci\\u00f3 al col\\u00b7leccionisme catal\\u00e0.\",\"inLanguage\":\"es\",\"potentialAction\":[{\"@type\":\"ReadAction\",\"target\":[\"https:\/\/www.civitart.cat\/\"]}]}]}<\/script>\n<!-- \/ Yoast SEO plugin. -->","_links":{"self":[{"href":"https:\/\/www.civitart.cat\/es\/wp-json\/wp\/v2\/pages\/10437"}],"collection":[{"href":"https:\/\/www.civitart.cat\/es\/wp-json\/wp\/v2\/pages"}],"about":[{"href":"https:\/\/www.civitart.cat\/es\/wp-json\/wp\/v2\/types\/page"}],"author":[{"embeddable":true,"href":"https:\/\/www.civitart.cat\/es\/wp-json\/wp\/v2\/users\/1"}],"replies":[{"embeddable":true,"href":"https:\/\/www.civitart.cat\/es\/wp-json\/wp\/v2\/comments?post=10437"}],"version-history":[{"count":6,"href":"https:\/\/www.civitart.cat\/es\/wp-json\/wp\/v2\/pages\/10437\/revisions"}],"predecessor-version":[{"id":10703,"href":"https:\/\/www.civitart.cat\/es\/wp-json\/wp\/v2\/pages\/10437\/revisions\/10703"}],"wp:attachment":[{"href":"https:\/\/www.civitart.cat\/es\/wp-json\/wp\/v2\/media?parent=10437"}],"curies":[{"name":"wp","href":"https:\/\/api.w.org\/{rel}","templated":true}]}}