{"id":11705,"date":"2021-01-04T15:35:41","date_gmt":"2021-01-04T15:35:41","guid":{"rendered":"https:\/\/www.civitart.cat\/?page_id=11705"},"modified":"2021-01-04T16:05:42","modified_gmt":"2021-01-04T16:05:42","slug":"mubag","status":"publish","type":"page","link":"https:\/\/www.civitart.cat\/es\/exposiciones\/mubag\/","title":{"rendered":"MUBAG"},"content":{"rendered":"<p>[vc_row][vc_column][vc_column_text]<\/p>\n<h3>REPRESENTACIONES DE LA TRAGEDIA Y LA BANALIDAD CONTEMPOR\u00c1NEAS<\/h3>\n<p>[\/vc_column_text][\/vc_column][\/vc_row][vc_row][vc_column width=\u00bb1\/2&#8243;][rdy_button text=\u00bbLeer el texto de Joaqu\u00edn Ripoll (PDF)\u00bb align=\u00bbleft\u00bb margin_top=\u00bb0&#8243; margin_bottom=\u00bb0&#8243; background=\u00bb#000000&#8243; background_hover=\u00bb#fbc817&#8243; text_color_hover=\u00bb#000000&#8243; border_radius=\u00bb0&#8243; link=\u00bburl:https%3A%2F%2Fwww.civitart.cat%2Fwp-content%2Fuploads%2F2021%2F01%2FTextos_MUBAG_Joaquin-Ripoll.pdf||target:%20_blank|\u00bb][rdy_button text=\u00bbLeer el texto de Pedro Romero (PDF)\u00bb align=\u00bbleft\u00bb margin_top=\u00bb0&#8243; margin_bottom=\u00bb0&#8243; background=\u00bb#000000&#8243; background_hover=\u00bb#fbc817&#8243; text_color_hover=\u00bb#000000&#8243; border_radius=\u00bb0&#8243; link=\u00bburl:https%3A%2F%2Fwww.civitart.cat%2Fwp-content%2Fuploads%2F2021%2F01%2FTextos_MUBAG_Pedro-Romero.pdf||target:%20_blank|\u00bb][rdy_button text=\u00bbLeer el texto de Menene Gras (PDF)\u00bb align=\u00bbleft\u00bb margin_top=\u00bb0&#8243; margin_bottom=\u00bb0&#8243; background=\u00bb#000000&#8243; background_hover=\u00bb#fbc817&#8243; text_color_hover=\u00bb#000000&#8243; border_radius=\u00bb0&#8243; link=\u00bburl:https%3A%2F%2Fwww.civitart.cat%2Fwp-content%2Fuploads%2F2021%2F01%2FMenene_Gras_Mubag.pdf||target:%20_blank|\u00bb][\/vc_column][vc_column width=\u00bb1\/4&#8243;][\/vc_column][vc_column width=\u00bb1\/4&#8243;][\/vc_column][\/vc_row][vc_row][vc_column width=\u00bb1\/2&#8243;][vc_single_image image=\u00bb11708&#8243; description_text=\u00bbJAUME PLENSA. LA NEIGE ROUGE. 1991&#8243;][\/vc_column][vc_column width=\u00bb1\/2&#8243;][vc_single_image image=\u00bb11709&#8243; description_text=\u00bbJOS\u00c9 ANTONIO HERN\u00c1NDEZ-D\u00cdEZ. SIN T\u00cdTULO. 2000&#8243;][\/vc_column][\/vc_row][vc_row][vc_column width=\u00bb1\/2&#8243;][vc_single_image image=\u00bb11710&#8243; description_text=\u00bbHANNA COLLINS. SEX I. 1991&#8243;][\/vc_column][vc_column width=\u00bb1\/2&#8243;][vc_single_image image=\u00bb11711&#8243; description_text=\u00bbEDUARDO ARROYO. ANZUELO. 1989&#8243;][\/vc_column][\/vc_row][vc_row][vc_column width=\u00bb1\/2&#8243;][vc_single_image image=\u00bb11712&#8243; description_text=\u00bbGABRIEL KURI. COMPOST. 2004&#8243;][\/vc_column][vc_column width=\u00bb1\/2&#8243;][vc_single_image image=\u00bb11713&#8243; description_text=\u00bbJENS WOLF. O.T. 06.34. 2006&#8243;][\/vc_column][\/vc_row][vc_row][vc_column width=\u00bb1\/2&#8243;][vc_single_image image=\u00bb11714&#8243; description_text=\u00bbJOSEPH BEUYS. UNA ROSA PARA LA DEMOCRACIA DIRECTA\u00bb][\/vc_column][vc_column width=\u00bb1\/2&#8243;][vc_single_image image=\u00bb11715&#8243; description_text=\u00bbJOAN BROSSA. EL REGAL\u00bb][\/vc_column][\/vc_row][vc_row][vc_column width=\u00bb1\/2&#8243;][vc_single_image image=\u00bb11716&#8243; description_text=\u00bbJORDI ALCARAZ. PINTURA. 2007&#8243;][\/vc_column][vc_column width=\u00bb1\/2&#8243;][vc_single_image image=\u00bb11717&#8243; description_text=\u00bbJORDI ALCARAZ. BUFADOR. 2007&#8243;][\/vc_column][\/vc_row][vc_row][vc_column width=\u00bb1\/2&#8243;][vc_single_image image=\u00bb11718&#8243; description_text=\u00bbJORDI ALCARAZ. HOMENATGE A BRANCUSI. 2007&#8243;][\/vc_column][vc_column width=\u00bb1\/2&#8243;][vc_single_image image=\u00bb11719&#8243; description_text=\u00bbCHEMA MADOZ. YO\u00bb][\/vc_column][\/vc_row][vc_row][vc_column width=\u00bb1\/2&#8243;][vc_single_image image=\u00bb11720&#8243; description_text=\u00bbEUGENIO MERINO. SIN T\u00cdTULO. 2003&#8243;][\/vc_column][vc_column width=\u00bb1\/2&#8243;][vc_single_image image=\u00bb11721&#8243; description_text=\u00bbPEIO IRAZU. ONE BELLOW. 1991&#8243;][\/vc_column][\/vc_row][vc_row][vc_column width=\u00bb1\/2&#8243;][vc_single_image image=\u00bb11722&#8243; description_text=\u00bbMARK LUYTEN. LE LABYRINTHE ET LE MIROIR. 1989&#8243;][\/vc_column][vc_column width=\u00bb1\/2&#8243;][vc_single_image image=\u00bb11723&#8243; description_text=\u00bbJORGE GALINDO. EL CUELLO DE LA BOTELLA. 1996&#8243;][\/vc_column][\/vc_row][vc_row][vc_column width=\u00bb1\/2&#8243;][vc_single_image image=\u00bb11724&#8243; description_text=\u00bbJOAN URRI\u00d3S. UN CARA A CARA AMP PIET N\u00ba3. 1998&#8243;][\/vc_column][vc_column width=\u00bb1\/2&#8243;][\/vc_column][\/vc_row][vc_row][vc_column width=\u00bb1\/2&#8243;][rdy_button text=\u00bbLeer el texto de Joaqu\u00edn Ripoll (PDF)\u00bb align=\u00bbleft\u00bb margin_top=\u00bb0&#8243; margin_bottom=\u00bb0&#8243; background=\u00bb#000000&#8243; background_hover=\u00bb#fbc817&#8243; text_color_hover=\u00bb#000000&#8243; border_radius=\u00bb0&#8243; link=\u00bburl:https%3A%2F%2Fwww.civitart.cat%2Fwp-content%2Fuploads%2F2021%2F01%2FTextos_MUBAG_Joaquin-Ripoll.pdf||target:%20_blank|\u00bb][rdy_button text=\u00bbLeer el texto de Pedro Romero (PDF)\u00bb align=\u00bbleft\u00bb margin_top=\u00bb0&#8243; margin_bottom=\u00bb0&#8243; background=\u00bb#000000&#8243; background_hover=\u00bb#fbc817&#8243; text_color_hover=\u00bb#000000&#8243; border_radius=\u00bb0&#8243; link=\u00bburl:https%3A%2F%2Fwww.civitart.cat%2Fwp-content%2Fuploads%2F2021%2F01%2FTextos_MUBAG_Pedro-Romero.pdf||target:%20_blank|\u00bb][rdy_button text=\u00bbLeer el texto de Menene Gras (PDF)\u00bb align=\u00bbleft\u00bb margin_top=\u00bb0&#8243; margin_bottom=\u00bb0&#8243; background=\u00bb#000000&#8243; background_hover=\u00bb#fbc817&#8243; text_color_hover=\u00bb#000000&#8243; border_radius=\u00bb0&#8243; link=\u00bburl:https%3A%2F%2Fwww.civitart.cat%2Fwp-content%2Fuploads%2F2021%2F01%2FMenene_Gras_Mubag.pdf||target:%20_blank|\u00bb][\/vc_column][vc_column width=\u00bb1\/2&#8243;][\/vc_column][\/vc_row]<\/p>","protected":false},"excerpt":{"rendered":"<p>[vc_row][vc_column][vc_column_text] REPRESENTACIONES DE LA TRAGEDIA Y LA BANALIDAD CONTEMPOR\u00c1NEAS [\/vc_column_text][\/vc_column][\/vc_row][vc_row][vc_column width=\u00bb1\/2&#8243;][rdy_button text=\u00bbLeer el texto de Joaqu\u00edn Ripoll (PDF)\u00bb align=\u00bbleft\u00bb margin_top=\u00bb0&#8243; margin_bottom=\u00bb0&#8243; background=\u00bb#000000&#8243; background_hover=\u00bb#fbc817&#8243; text_color_hover=\u00bb#000000&#8243; border_radius=\u00bb0&#8243; link=\u00bburl:https%3A%2F%2Fwww.civitart.cat%2Fwp-content%2Fuploads%2F2021%2F01%2FTextos_MUBAG_Joaquin-Ripoll.pdf||target:%20_blank|\u00bb][rdy_button text=\u00bbLeer el texto de [&hellip;]<\/p>\n","protected":false},"author":1,"featured_media":0,"parent":10396,"menu_order":0,"comment_status":"closed","ping_status":"closed","template":"","meta":[],"yoast_head":"<!-- This site is optimized with the Yoast SEO plugin v15.5 - https:\/\/yoast.com\/wordpress\/plugins\/seo\/ -->\n<title>MUBAG - civitart.cat<\/title>\n<meta name=\"robots\" content=\"index, follow, max-snippet:-1, max-image-preview:large, max-video-preview:-1\" \/>\n<link rel=\"canonical\" href=\"https:\/\/www.civitart.cat\/exposicions\/mubag\/\" \/>\n<meta property=\"og:locale\" content=\"es_ES\" \/>\n<meta property=\"og:type\" content=\"article\" \/>\n<meta property=\"og:title\" content=\"MUBAG - civitart.cat\" \/>\n<meta property=\"og:description\" content=\"[vc_row][vc_column][vc_column_text] REPRESENTACIONES DE LA TRAGEDIA Y LA BANALIDAD CONTEMPOR\u00c1NEAS [\/vc_column_text][\/vc_column][\/vc_row][vc_row][vc_column width=\u00bb1\/2&#8243;][rdy_button text=\u00bbLeer el texto de Joaqu\u00edn Ripoll (PDF)\u00bb align=\u00bbleft\u00bb margin_top=\u00bb0&#8243; margin_bottom=\u00bb0&#8243; background=\u00bb#000000&#8243; background_hover=\u00bb#fbc817&#8243; text_color_hover=\u00bb#000000&#8243; border_radius=\u00bb0&#8243; link=\u00bburl:https%3A%2F%2Fwww.civitart.cat%2Fwp-content%2Fuploads%2F2021%2F01%2FTextos_MUBAG_Joaquin-Ripoll.pdf||target:%20_blank|\u00bb][rdy_button text=\u00bbLeer el texto de [&hellip;]\" \/>\n<meta property=\"og:url\" content=\"https:\/\/www.civitart.cat\/exposicions\/mubag\/\" \/>\n<meta property=\"og:site_name\" content=\"civitart.cat\" \/>\n<meta property=\"article:modified_time\" content=\"2021-01-04T16:05:42+00:00\" \/>\n<meta name=\"twitter:card\" content=\"summary_large_image\" \/>\n<meta name=\"twitter:label1\" content=\"Tiempo de lectura\">\n\t<meta name=\"twitter:data1\" content=\"8 minutos\">\n<script type=\"application\/ld+json\" class=\"yoast-schema-graph\">{\"@context\":\"https:\/\/schema.org\",\"@graph\":[{\"@type\":\"Organization\",\"@id\":\"https:\/\/www.civitart.cat\/#organization\",\"name\":\"CivitArt\",\"url\":\"https:\/\/www.civitart.cat\/\",\"sameAs\":[],\"logo\":{\"@type\":\"ImageObject\",\"@id\":\"https:\/\/www.civitart.cat\/#logo\",\"inLanguage\":\"es\",\"url\":\"https:\/\/www.civitart.cat\/wp-content\/uploads\/2019\/09\/civit.png\",\"width\":512,\"height\":512,\"caption\":\"CivitArt\"},\"image\":{\"@id\":\"https:\/\/www.civitart.cat\/#logo\"}},{\"@type\":\"WebSite\",\"@id\":\"https:\/\/www.civitart.cat\/#website\",\"url\":\"https:\/\/www.civitart.cat\/\",\"name\":\"civitart.cat\",\"description\":\"Col\\u00b7lecci\\u00f3 Civit Art Contemporani\",\"publisher\":{\"@id\":\"https:\/\/www.civitart.cat\/#organization\"},\"potentialAction\":[{\"@type\":\"SearchAction\",\"target\":\"https:\/\/www.civitart.cat\/?s={search_term_string}\",\"query-input\":\"required name=search_term_string\"}],\"inLanguage\":\"es\"},{\"@type\":\"WebPage\",\"@id\":\"https:\/\/www.civitart.cat\/exposicions\/mubag\/#webpage\",\"url\":\"https:\/\/www.civitart.cat\/exposicions\/mubag\/\",\"name\":\"MUBAG - civitart.cat\",\"isPartOf\":{\"@id\":\"https:\/\/www.civitart.cat\/#website\"},\"datePublished\":\"2021-01-04T15:35:41+00:00\",\"dateModified\":\"2021-01-04T16:05:42+00:00\",\"inLanguage\":\"es\",\"potentialAction\":[{\"@type\":\"ReadAction\",\"target\":[\"https:\/\/www.civitart.cat\/exposicions\/mubag\/\"]}]}]}<\/script>\n<!-- \/ Yoast SEO plugin. -->","_links":{"self":[{"href":"https:\/\/www.civitart.cat\/es\/wp-json\/wp\/v2\/pages\/11705"}],"collection":[{"href":"https:\/\/www.civitart.cat\/es\/wp-json\/wp\/v2\/pages"}],"about":[{"href":"https:\/\/www.civitart.cat\/es\/wp-json\/wp\/v2\/types\/page"}],"author":[{"embeddable":true,"href":"https:\/\/www.civitart.cat\/es\/wp-json\/wp\/v2\/users\/1"}],"replies":[{"embeddable":true,"href":"https:\/\/www.civitart.cat\/es\/wp-json\/wp\/v2\/comments?post=11705"}],"version-history":[{"count":6,"href":"https:\/\/www.civitart.cat\/es\/wp-json\/wp\/v2\/pages\/11705\/revisions"}],"predecessor-version":[{"id":11735,"href":"https:\/\/www.civitart.cat\/es\/wp-json\/wp\/v2\/pages\/11705\/revisions\/11735"}],"up":[{"embeddable":true,"href":"https:\/\/www.civitart.cat\/es\/wp-json\/wp\/v2\/pages\/10396"}],"wp:attachment":[{"href":"https:\/\/www.civitart.cat\/es\/wp-json\/wp\/v2\/media?parent=11705"}],"curies":[{"name":"wp","href":"https:\/\/api.w.org\/{rel}","templated":true}]}}